{"id":12,"date":"2023-10-03T01:01:46","date_gmt":"2023-10-02T23:01:46","guid":{"rendered":"https:\/\/mk-spaw.pl\/?page_id=12"},"modified":"2023-11-24T12:17:51","modified_gmt":"2023-11-24T11:17:51","slug":"home","status":"publish","type":"page","link":"https:\/\/mk-spaw.pl\/de\/","title":{"rendered":"Home"},"content":{"rendered":"<div data-elementor-type=\"wp-page\" data-elementor-id=\"12\" class=\"elementor elementor-12\" data-elementor-post-type=\"page\">\n\t\t\t\t\t\t\t<div class=\"elementor-element elementor-element-7f066f2 e-flex e-con-boxed e-con e-parent\" data-id=\"7f066f2\" data-element_type=\"container\" data-settings=\"{&quot;background_background&quot;:&quot;classic&quot;,&quot;content_width&quot;:&quot;boxed&quot;}\" data-core-v316-plus=\"true\">\n\t\t\t\t\t<div class=\"e-con-inner\">\n\t\t\t\t\t<\/div>\n\t\t\t\t<\/div>\n\t\t<div class=\"elementor-element elementor-element-0aa0e85 e-flex e-con-boxed e-con e-parent\" data-id=\"0aa0e85\" data-element_type=\"container\" data-settings=\"{&quot;content_width&quot;:&quot;boxed&quot;}\" data-core-v316-plus=\"true\">\n\t\t\t\t\t<div class=\"e-con-inner\">\n\t\t\t\t<div class=\"elementor-element elementor-element-4c059b2 elementor-widget elementor-widget-heading\" data-id=\"4c059b2\" data-element_type=\"widget\" data-widget_type=\"heading.default\">\n\t\t\t\t<div class=\"elementor-widget-container\">\n\t\t\t<style>\/*! elementor - v3.16.0 - 20-09-2023 *\/\n.elementor-heading-title{padding:0;margin:0;line-height:1}.elementor-widget-heading .elementor-heading-title[class*=elementor-size-]>a{color:inherit;font-size:inherit;line-height:inherit}.elementor-widget-heading .elementor-heading-title.elementor-size-small{font-size:15px}.elementor-widget-heading .elementor-heading-title.elementor-size-medium{font-size:19px}.elementor-widget-heading .elementor-heading-title.elementor-size-large{font-size:29px}.elementor-widget-heading .elementor-heading-title.elementor-size-xl{font-size:39px}.elementor-widget-heading .elementor-heading-title.elementor-size-xxl{font-size:59px}<\/style><h2 class=\"elementor-heading-title elementor-size-default\">WAS K\u00d6NNEN WIR ANBIETEN?<\/h2>\t\t<\/div>\n\t\t\t\t<\/div>\n\t\t\t\t\t<\/div>\n\t\t\t\t<\/div>\n\t\t<div class=\"elementor-element elementor-element-edb68f3 e-flex e-con-boxed e-con e-parent\" data-id=\"edb68f3\" data-element_type=\"container\" data-settings=\"{&quot;content_width&quot;:&quot;boxed&quot;}\" data-core-v316-plus=\"true\">\n\t\t\t\t\t<div class=\"e-con-inner\">\n\t\t<div class=\"elementor-element elementor-element-b44d4dd e-con-full e-flex e-con e-child\" data-id=\"b44d4dd\" data-element_type=\"container\" data-settings=\"{&quot;content_width&quot;:&quot;full&quot;}\">\n\t\t\t\t<div class=\"elementor-element elementor-element-434e5b4 elementor-widget elementor-widget-image\" data-id=\"434e5b4\" data-element_type=\"widget\" data-widget_type=\"image.default\">\n\t\t\t\t<div class=\"elementor-widget-container\">\n\t\t\t<style>\/*! elementor - v3.16.0 - 20-09-2023 *\/\n.elementor-widget-image{text-align:center}.elementor-widget-image a{display:inline-block}.elementor-widget-image a img[src$=\".svg\"]{width:48px}.elementor-widget-image img{vertical-align:middle;display:inline-block}<\/style>\t\t\t\t\t\t\t\t\t\t\t\t<img loading=\"lazy\" decoding=\"async\" width=\"800\" height=\"800\" src=\"https:\/\/mk-spaw.pl\/wp-content\/uploads\/2023\/10\/meble0.jpg\" class=\"attachment-full size-full wp-image-72\" alt=\"\" srcset=\"https:\/\/mk-spaw.pl\/wp-content\/uploads\/2023\/10\/meble0.jpg 800w, https:\/\/mk-spaw.pl\/wp-content\/uploads\/2023\/10\/meble0-300x300.jpg 300w, https:\/\/mk-spaw.pl\/wp-content\/uploads\/2023\/10\/meble0-150x150.jpg 150w, https:\/\/mk-spaw.pl\/wp-content\/uploads\/2023\/10\/meble0-768x768.jpg 768w\" sizes=\"auto, (max-width: 800px) 100vw, 800px\" style=\"width:100%;height:100%;max-width:800px\" \/>\t\t\t\t\t\t\t\t\t\t\t\t\t\t\t<\/div>\n\t\t\t\t<\/div>\n\t\t\t\t<div class=\"elementor-element elementor-element-eef94c3 elementor-widget elementor-widget-heading\" data-id=\"eef94c3\" data-element_type=\"widget\" data-widget_type=\"heading.default\">\n\t\t\t\t<div class=\"elementor-widget-container\">\n\t\t\t<h3 class=\"elementor-heading-title elementor-size-default\">M\u00d6BEL<\/h3>\t\t<\/div>\n\t\t\t\t<\/div>\n\t\t\t\t<\/div>\n\t\t<div class=\"elementor-element elementor-element-84c2eab e-con-full e-flex e-con e-child\" data-id=\"84c2eab\" data-element_type=\"container\" data-settings=\"{&quot;content_width&quot;:&quot;full&quot;}\">\n\t\t\t\t<div class=\"elementor-element elementor-element-494a78e elementor-widget elementor-widget-image\" data-id=\"494a78e\" data-element_type=\"widget\" data-widget_type=\"image.default\">\n\t\t\t\t<div class=\"elementor-widget-container\">\n\t\t\t\t\t\t\t\t\t\t\t\t\t\t\t<img loading=\"lazy\" decoding=\"async\" width=\"800\" height=\"800\" src=\"https:\/\/mk-spaw.pl\/wp-content\/uploads\/2023\/10\/brama.jpg\" class=\"attachment-1536x1536 size-1536x1536 wp-image-295\" alt=\"\" srcset=\"https:\/\/mk-spaw.pl\/wp-content\/uploads\/2023\/10\/brama.jpg 800w, https:\/\/mk-spaw.pl\/wp-content\/uploads\/2023\/10\/brama-300x300.jpg 300w, https:\/\/mk-spaw.pl\/wp-content\/uploads\/2023\/10\/brama-150x150.jpg 150w, https:\/\/mk-spaw.pl\/wp-content\/uploads\/2023\/10\/brama-768x768.jpg 768w\" sizes=\"auto, (max-width: 800px) 100vw, 800px\" style=\"width:100%;height:100%;max-width:800px\" \/>\t\t\t\t\t\t\t\t\t\t\t\t\t\t\t<\/div>\n\t\t\t\t<\/div>\n\t\t\t\t<div class=\"elementor-element elementor-element-9431d2b elementor-widget elementor-widget-heading\" data-id=\"9431d2b\" data-element_type=\"widget\" data-widget_type=\"heading.default\">\n\t\t\t\t<div class=\"elementor-widget-container\">\n\t\t\t<h3 class=\"elementor-heading-title elementor-size-default\">TORE UND Z\u00c4UNE<\/h3>\t\t<\/div>\n\t\t\t\t<\/div>\n\t\t\t\t<\/div>\n\t\t<div class=\"elementor-element elementor-element-8241db0 e-con-full e-flex e-con e-child\" data-id=\"8241db0\" data-element_type=\"container\" data-settings=\"{&quot;content_width&quot;:&quot;full&quot;}\">\n\t\t\t\t<div class=\"elementor-element elementor-element-cf6146c elementor-widget elementor-widget-image\" data-id=\"cf6146c\" data-element_type=\"widget\" data-widget_type=\"image.default\">\n\t\t\t\t<div class=\"elementor-widget-container\">\n\t\t\t\t\t\t\t\t\t\t\t\t\t\t\t<img loading=\"lazy\" decoding=\"async\" width=\"800\" height=\"800\" src=\"https:\/\/mk-spaw.pl\/wp-content\/uploads\/2023\/10\/konstrukcje.jpg\" class=\"attachment-1536x1536 size-1536x1536 wp-image-296\" alt=\"\" srcset=\"https:\/\/mk-spaw.pl\/wp-content\/uploads\/2023\/10\/konstrukcje.jpg 800w, https:\/\/mk-spaw.pl\/wp-content\/uploads\/2023\/10\/konstrukcje-300x300.jpg 300w, https:\/\/mk-spaw.pl\/wp-content\/uploads\/2023\/10\/konstrukcje-150x150.jpg 150w, https:\/\/mk-spaw.pl\/wp-content\/uploads\/2023\/10\/konstrukcje-768x768.jpg 768w\" sizes=\"auto, (max-width: 800px) 100vw, 800px\" style=\"width:100%;height:100%;max-width:800px\" \/>\t\t\t\t\t\t\t\t\t\t\t\t\t\t\t<\/div>\n\t\t\t\t<\/div>\n\t\t\t\t<div class=\"elementor-element elementor-element-e461cd5 elementor-widget elementor-widget-heading\" data-id=\"e461cd5\" data-element_type=\"widget\" data-widget_type=\"heading.default\">\n\t\t\t\t<div class=\"elementor-widget-container\">\n\t\t\t<h3 class=\"elementor-heading-title elementor-size-default\">STAHLBAU<\/h3>\t\t<\/div>\n\t\t\t\t<\/div>\n\t\t\t\t<\/div>\n\t\t<div class=\"elementor-element elementor-element-2b68744 e-con-full e-flex e-con e-child\" data-id=\"2b68744\" data-element_type=\"container\" data-settings=\"{&quot;content_width&quot;:&quot;full&quot;}\">\n\t\t\t\t<div class=\"elementor-element elementor-element-8b12247 elementor-widget elementor-widget-image\" data-id=\"8b12247\" data-element_type=\"widget\" data-widget_type=\"image.default\">\n\t\t\t\t<div class=\"elementor-widget-container\">\n\t\t\t\t\t\t\t\t\t\t\t\t\t\t\t<img loading=\"lazy\" decoding=\"async\" width=\"800\" height=\"800\" src=\"https:\/\/mk-spaw.pl\/wp-content\/uploads\/2023\/10\/balustrady.jpg\" class=\"attachment-1536x1536 size-1536x1536 wp-image-25\" alt=\"\" srcset=\"https:\/\/mk-spaw.pl\/wp-content\/uploads\/2023\/10\/balustrady.jpg 800w, https:\/\/mk-spaw.pl\/wp-content\/uploads\/2023\/10\/balustrady-300x300.jpg 300w, https:\/\/mk-spaw.pl\/wp-content\/uploads\/2023\/10\/balustrady-150x150.jpg 150w, https:\/\/mk-spaw.pl\/wp-content\/uploads\/2023\/10\/balustrady-768x768.jpg 768w\" sizes=\"auto, (max-width: 800px) 100vw, 800px\" style=\"width:100%;height:100%;max-width:800px\" \/>\t\t\t\t\t\t\t\t\t\t\t\t\t\t\t<\/div>\n\t\t\t\t<\/div>\n\t\t\t\t<div class=\"elementor-element elementor-element-6354e58 elementor-widget elementor-widget-heading\" data-id=\"6354e58\" data-element_type=\"widget\" data-widget_type=\"heading.default\">\n\t\t\t\t<div class=\"elementor-widget-container\">\n\t\t\t<h3 class=\"elementor-heading-title elementor-size-default\">Gel\u00e4nder<\/h3>\t\t<\/div>\n\t\t\t\t<\/div>\n\t\t\t\t<\/div>\n\t\t\t\t\t<\/div>\n\t\t\t\t<\/div>\n\t\t<div class=\"elementor-element elementor-element-73a4bda e-con-full e-flex e-con e-parent\" data-id=\"73a4bda\" data-element_type=\"container\" data-settings=\"{&quot;content_width&quot;:&quot;full&quot;,&quot;background_background&quot;:&quot;classic&quot;}\" data-core-v316-plus=\"true\">\n\t\t\t\t<div class=\"elementor-element elementor-element-4ae9f24 elementor-widget elementor-widget-heading\" data-id=\"4ae9f24\" data-element_type=\"widget\" data-widget_type=\"heading.default\">\n\t\t\t\t<div class=\"elementor-widget-container\">\n\t\t\t<h2 class=\"elementor-heading-title elementor-size-default\">SEHEN SIE SICH UNSERE UMSETZUNG<\/h2>\t\t<\/div>\n\t\t\t\t<\/div>\n\t\t\t\t<div class=\"elementor-element elementor-element-9472735 elementor-align-center elementor-widget elementor-widget-button\" data-id=\"9472735\" data-element_type=\"widget\" data-widget_type=\"button.default\">\n\t\t\t\t<div class=\"elementor-widget-container\">\n\t\t\t\t\t<div class=\"elementor-button-wrapper\">\n\t\t\t<a class=\"elementor-button elementor-button-link elementor-size-sm\" href=\"#\">\n\t\t\t\t\t\t<span class=\"elementor-button-content-wrapper\">\n\t\t\t\t\t\t<span class=\"elementor-button-text\">Umsetzung<\/span>\n\t\t<\/span>\n\t\t\t\t\t<\/a>\n\t\t<\/div>\n\t\t\t\t<\/div>\n\t\t\t\t<\/div>\n\t\t\t\t<\/div>\n\t\t<div class=\"elementor-element elementor-element-7a6723e e-flex e-con-boxed e-con e-parent\" data-id=\"7a6723e\" data-element_type=\"container\" data-settings=\"{&quot;content_width&quot;:&quot;boxed&quot;}\" data-core-v316-plus=\"true\">\n\t\t\t\t\t<div class=\"e-con-inner\">\n\t\t\t\t<div class=\"elementor-element elementor-element-ab7a9b1 elementor-widget elementor-widget-heading\" data-id=\"ab7a9b1\" data-element_type=\"widget\" data-widget_type=\"heading.default\">\n\t\t\t\t<div class=\"elementor-widget-container\">\n\t\t\t<h2 class=\"elementor-heading-title elementor-size-default\">WARUM WIR?<\/h2>\t\t<\/div>\n\t\t\t\t<\/div>\n\t\t\t\t\t<\/div>\n\t\t\t\t<\/div>\n\t\t<div class=\"elementor-element elementor-element-8edb53d e-flex e-con-boxed e-con e-parent\" data-id=\"8edb53d\" data-element_type=\"container\" data-settings=\"{&quot;content_width&quot;:&quot;boxed&quot;}\" data-core-v316-plus=\"true\">\n\t\t\t\t\t<div class=\"e-con-inner\">\n\t\t\t\t<div class=\"elementor-element elementor-element-6bff363 elementor-widget elementor-widget-text-editor\" data-id=\"6bff363\" data-element_type=\"widget\" data-widget_type=\"text-editor.default\">\n\t\t\t\t<div class=\"elementor-widget-container\">\n\t\t\t<style>\/*! elementor - v3.16.0 - 20-09-2023 *\/\n.elementor-widget-text-editor.elementor-drop-cap-view-stacked .elementor-drop-cap{background-color:#69727d;color:#fff}.elementor-widget-text-editor.elementor-drop-cap-view-framed .elementor-drop-cap{color:#69727d;border:3px solid;background-color:transparent}.elementor-widget-text-editor:not(.elementor-drop-cap-view-default) .elementor-drop-cap{margin-top:8px}.elementor-widget-text-editor:not(.elementor-drop-cap-view-default) .elementor-drop-cap-letter{width:1em;height:1em}.elementor-widget-text-editor .elementor-drop-cap{float:left;text-align:center;line-height:1;font-size:50px}.elementor-widget-text-editor .elementor-drop-cap-letter{display:inline-block}<\/style>\t\t\t\t<p>Wir zeichnen uns durch Pr\u00e4zision und Liebe zum jedem noch so kleinen Detail. Unsere Produkte sind aus Leidenschaft, weil wir lieben, was wir tun f\u00fcr andere.<\/p>\t\t\t\t\t\t<\/div>\n\t\t\t\t<\/div>\n\t\t\t\t\t<\/div>\n\t\t\t\t<\/div>\n\t\t<div class=\"elementor-element elementor-element-255ac90 e-flex e-con-boxed e-con e-parent\" data-id=\"255ac90\" data-element_type=\"container\" data-settings=\"{&quot;content_width&quot;:&quot;boxed&quot;}\" data-core-v316-plus=\"true\">\n\t\t\t\t\t<div class=\"e-con-inner\">\n\t\t\t\t<div class=\"elementor-element elementor-element-3487bcc elementor-widget elementor-widget-heading\" data-id=\"3487bcc\" data-element_type=\"widget\" data-widget_type=\"heading.default\">\n\t\t\t\t<div class=\"elementor-widget-container\">\n\t\t\t<h2 class=\"elementor-heading-title elementor-size-default\">\u00dcBER DAS UNTERNEHMEN<\/h2>\t\t<\/div>\n\t\t\t\t<\/div>\n\t\t\t\t<div class=\"elementor-element elementor-element-0005758 elementor-widget elementor-widget-text-editor\" data-id=\"0005758\" data-element_type=\"widget\" data-widget_type=\"text-editor.default\">\n\t\t\t\t<div class=\"elementor-widget-container\">\n\t\t\t\t\t\t\t<p>Die Firma MK-SPAW bietet eine vollst\u00e4ndige Palette von Dienstleistungen im Zusammenhang mit der Herstellung von Metallkonstruktionen.<\/p><p>Wir unterst\u00fctzen Sie in jeder Projektphase-von der Konzeption oder Auswahl von vorgefertigten Designs zur Verf\u00fcgung auf dem Markt, vor der Auswahl eines geeigneten Typs Stahl und dessen Verarbeitung, bis hin zum Schutz vor Korrosion, Transport und Montage. Unser Angebot ist eine umfassende und angepasst an die individuellen Bed\u00fcrfnisse des Kunden.<\/p>\t\t\t\t\t\t<\/div>\n\t\t\t\t<\/div>\n\t\t\t\t\t<\/div>\n\t\t\t\t<\/div>\n\t\t<div class=\"elementor-element elementor-element-e5ec8f4 e-flex e-con-boxed e-con e-parent\" data-id=\"e5ec8f4\" data-element_type=\"container\" data-settings=\"{&quot;content_width&quot;:&quot;boxed&quot;}\" data-core-v316-plus=\"true\">\n\t\t\t\t\t<div class=\"e-con-inner\">\n\t\t\t\t<div class=\"elementor-element elementor-element-926621c elementor-widget elementor-widget-shortcode\" data-id=\"926621c\" data-element_type=\"widget\" data-widget_type=\"shortcode.default\">\n\t\t\t\t<div class=\"elementor-widget-container\">\n\t\t\t\t\t<div class=\"elementor-shortcode\"><div class=\"ti-widget ti-goog\" data-layout-id=\"34\" data-set-id=\"dark-background\" data-pid=\"\" data-pager-autoplay-timeout=\"6\" data-review-target-width=\"300\" data-language=\"pl\" > <div class=\"ti-widget-container ti-col-3\"> <div class=\"ti-header source-Google\"> <div class=\"ti-rating-text\"> <strong class=\"ti-rating\"> Doskona\u0142a <\/strong> <\/div> <span class=\"ti-stars star-lg\"> <span class=\"ti-star f\"><\/span><span class=\"ti-star f\"><\/span><span class=\"ti-star f\"><\/span><span class=\"ti-star f\"><\/span><span class=\"ti-star f\"><\/span> <\/span> <div class=\"ti-rating-text\"> <span class=\"nowrap\">Na podstawie <strong>31 opinii<\/strong><\/span> <\/div> <div class=\"ti-large-logo\"> <div class=\"ti-v-center\"> <img loading=\"lazy\" decoding=\"async\" class=\"ti-logo-fb\" src=\"https:\/\/cdn.trustindex.io\/assets\/platform\/Google\/logo-dark.svg\" width=\"150\" height=\"25\" alt=\"Google\" \/> <\/div> <\/div> <\/div> <div class=\"ti-reviews-container\"> <div class=\"ti-controls\"> <div class=\"ti-next\"><\/div> <div class=\"ti-prev\"><\/div> <\/div> <div class=\"ti-reviews-container-wrapper\">  <div data-empty=\"0\" class=\"ti-review-item source-Google\" > <div class=\"ti-inner\"> <div class=\"ti-review-header\"> <div class=\"ti-profile-img\"> <img decoding=\"async\" src=\"https:\/\/lh3.googleusercontent.com\/a\/ACg8ocLi9ZJFV5IXu6OaoTJQ6vR5xNJ6TWsXYfmJeLvXwNsY9oUx=s120-c-rp-mo-br100\" alt=\"Andrzej Maj\" \/> <\/div> <div class=\"ti-profile-details\"> <div class=\"ti-name\"> Andrzej Maj <\/div> <div class=\"ti-date\">2025-10-21<\/div> <\/div> <\/div> <span class=\"ti-stars\"><span class=\"ti-star f\"><\/span><span class=\"ti-star f\"><\/span><span class=\"ti-star f\"><\/span><span class=\"ti-star f\"><\/span><span class=\"ti-star f\"><\/span><\/span> <div class=\"ti-review-text-container ti-review-content\"><!-- R-CONTENT -->Wsp\u00f3\u0142pracuj\u0119 z firm\u0105 MK Spaw od ponad dw\u00f3ch lat i z pe\u0142nym przekonaniem mog\u0119 poleci\u0107 ich us\u0142ugi. Zesp\u00f3\u0142 wyr\u00f3\u017cnia si\u0119 du\u017cym profesjonalizmem, terminowo\u015bci\u0105 oraz ogromn\u0105 wiedz\u0105 techniczn\u0105. Realizuj\u0105 nawet najbardziej wymagaj\u0105ce projekty, zawsze z dba\u0142o\u015bci\u0105 o szczeg\u00f3\u0142y i wysok\u0105 jako\u015b\u0107 wykonania. Potrafi\u0105 poradzi\u0107 sobie z ka\u017cdym tematem, niezale\u017cnie od stopnia trudno\u015bci. MK Spaw to solidny i godny zaufania partner, na kt\u00f3rym mo\u017cna w pe\u0142ni polega\u0107.<!-- R-CONTENT --><\/div> <span class=\"ti-read-more\" data-container=\".ti-review-content\" data-collapse-text=\"Ukryj\" data-open-text=\"Czytaj wi\u0119cej\"><\/span> <\/div> <\/div>  <div data-empty=\"0\" class=\"ti-review-item source-Google\" > <div class=\"ti-inner\"> <div class=\"ti-review-header\"> <div class=\"ti-profile-img\"> <img decoding=\"async\" src=\"https:\/\/lh3.googleusercontent.com\/a\/ACg8ocIcKLqf8tbKNE6eTyLSxMKE6nvRi-MByN4kKFVL54VvhZKn4g=s120-c-rp-mo-br100\" alt=\"Grzegorz Klinowski\" \/> <\/div> <div class=\"ti-profile-details\"> <div class=\"ti-name\"> Grzegorz Klinowski <\/div> <div class=\"ti-date\">2025-10-14<\/div> <\/div> <\/div> <span class=\"ti-stars\"><span class=\"ti-star f\"><\/span><span class=\"ti-star f\"><\/span><span class=\"ti-star f\"><\/span><span class=\"ti-star f\"><\/span><span class=\"ti-star f\"><\/span><\/span> <div class=\"ti-review-text-container ti-review-content\"><!-- R-CONTENT -->Polecam, wykonanie balustrady balkonowych bardzo dobrej jako\u015bci profesjonalne wykonanie . Jestem mega zadowolony.<!-- R-CONTENT --><\/div> <span class=\"ti-read-more\" data-container=\".ti-review-content\" data-collapse-text=\"Ukryj\" data-open-text=\"Czytaj wi\u0119cej\"><\/span> <\/div> <\/div>  <div data-empty=\"0\" class=\"ti-review-item source-Google\" > <div class=\"ti-inner\"> <div class=\"ti-review-header\"> <div class=\"ti-profile-img\"> <img decoding=\"async\" src=\"https:\/\/lh3.googleusercontent.com\/a\/ACg8ocLFkBtkXKhZe4ra2ds8WoyjI3B48-Ddf9wm-TMt94uTTvlxwA=s120-c-rp-mo-ba3-br100\" alt=\"Ukasz Ukasz\" \/> <\/div> <div class=\"ti-profile-details\"> <div class=\"ti-name\"> Ukasz Ukasz <\/div> <div class=\"ti-date\">2025-10-11<\/div> <\/div> <\/div> <span class=\"ti-stars\"><span class=\"ti-star f\"><\/span><span class=\"ti-star f\"><\/span><span class=\"ti-star f\"><\/span><span class=\"ti-star f\"><\/span><span class=\"ti-star f\"><\/span><\/span> <div class=\"ti-review-text-container ti-review-content\"><!-- R-CONTENT -->Dobrze zrobiona robota od samego pocz\u0105tku do  samego projektu  po samo wykonanie. na najwy\u017cszym poziomie    solidna firma  \ud83d\udcaa\ud83d\ude0e<!-- R-CONTENT --><\/div> <span class=\"ti-read-more\" data-container=\".ti-review-content\" data-collapse-text=\"Ukryj\" data-open-text=\"Czytaj wi\u0119cej\"><\/span> <\/div> <\/div>  <div data-empty=\"0\" class=\"ti-review-item source-Google\" > <div class=\"ti-inner\"> <div class=\"ti-review-header\"> <div class=\"ti-profile-img\"> <img decoding=\"async\" src=\"https:\/\/lh3.googleusercontent.com\/a\/ACg8ocLet8skOWldHDpnJqkKRNEcH3Gsei-8k3uWO-FNLGsuG8vBqQ=s120-c-rp-mo-br100\" alt=\"Piotr Wachnowicz\" \/> <\/div> <div class=\"ti-profile-details\"> <div class=\"ti-name\"> Piotr Wachnowicz <\/div> <div class=\"ti-date\">2025-10-10<\/div> <\/div> <\/div> <span class=\"ti-stars\"><span class=\"ti-star f\"><\/span><span class=\"ti-star f\"><\/span><span class=\"ti-star f\"><\/span><span class=\"ti-star f\"><\/span><span class=\"ti-star f\"><\/span><\/span> <div class=\"ti-review-text-container ti-review-content\"><!-- R-CONTENT -->Dba\u0142o\u015b\u0107 o szczeg\u00f3\u0142y i precyzja jest w tej firmie na bardzo wysokim poziomie szczerze polecam.<!-- R-CONTENT --><\/div> <span class=\"ti-read-more\" data-container=\".ti-review-content\" data-collapse-text=\"Ukryj\" data-open-text=\"Czytaj wi\u0119cej\"><\/span> <\/div> <\/div>  <div data-empty=\"0\" class=\"ti-review-item source-Google\" > <div class=\"ti-inner\"> <div class=\"ti-review-header\"> <div class=\"ti-profile-img\"> <img decoding=\"async\" src=\"https:\/\/lh3.googleusercontent.com\/a-\/ALV-UjU8nAXkTC4Jash8w4PPHqpIQfVRtP1gEVJ20xGrJcsLO256MGbn=s120-c-rp-mo-br100\" alt=\"Artur Doo\" \/> <\/div> <div class=\"ti-profile-details\"> <div class=\"ti-name\"> Artur Doo <\/div> <div class=\"ti-date\">2025-10-02<\/div> <\/div> <\/div> <span class=\"ti-stars\"><span class=\"ti-star f\"><\/span><span class=\"ti-star f\"><\/span><span class=\"ti-star f\"><\/span><span class=\"ti-star f\"><\/span><span class=\"ti-star f\"><\/span><\/span> <div class=\"ti-review-text-container ti-review-content\"><!-- R-CONTENT -->Gor\u0105co polecam ch\u0142opak\u00f3w...doradz\u0105,pomog\u0105 w decyzji,sa bardzo s\u0142owni i rzetelni.Kontakt z Panem Mateuszem super....Bez  \u017cadnych obaw \u017ce co\u015b b\u0119dzie nie tak ,szczerze polecam korzysta\u0107 z us\u0142ug tej firmy.<!-- R-CONTENT --><\/div> <span class=\"ti-read-more\" data-container=\".ti-review-content\" data-collapse-text=\"Ukryj\" data-open-text=\"Czytaj wi\u0119cej\"><\/span> <\/div> <\/div>  <div data-empty=\"0\" class=\"ti-review-item source-Google\" > <div class=\"ti-inner\"> <div class=\"ti-review-header\"> <div class=\"ti-profile-img\"> <img decoding=\"async\" src=\"https:\/\/lh3.googleusercontent.com\/a\/ACg8ocLL8UcbE1ZRkL0ZjmMcHUja1ejBgUXQx4bBW04vWFBQD1XEbQ=s120-c-rp-mo-br100\" alt=\"Ala M\" \/> <\/div> <div class=\"ti-profile-details\"> <div class=\"ti-name\"> Ala M <\/div> <div class=\"ti-date\">2025-09-18<\/div> <\/div> <\/div> <span class=\"ti-stars\"><span class=\"ti-star f\"><\/span><span class=\"ti-star f\"><\/span><span class=\"ti-star f\"><\/span><span class=\"ti-star f\"><\/span><span class=\"ti-star f\"><\/span><\/span> <div class=\"ti-review-text-container ti-review-content\"><!-- R-CONTENT -->Serdecznie polecamy !!!<!-- R-CONTENT --><\/div> <span class=\"ti-read-more\" data-container=\".ti-review-content\" data-collapse-text=\"Ukryj\" data-open-text=\"Czytaj wi\u0119cej\"><\/span> <\/div> <\/div>  <div data-empty=\"0\" class=\"ti-review-item source-Google\" > <div class=\"ti-inner\"> <div class=\"ti-review-header\"> <div class=\"ti-profile-img\"> <img decoding=\"async\" src=\"https:\/\/lh3.googleusercontent.com\/a\/ACg8ocLTGn5Eu_JwoXLTofFEereVqgSr-oIZVs1KdVfRcZIG317DtA=s120-c-rp-mo-br100\" alt=\"Gra\u017cyna Stawowczyk\" \/> <\/div> <div class=\"ti-profile-details\"> <div class=\"ti-name\"> Gra\u017cyna Stawowczyk <\/div> <div class=\"ti-date\">2025-09-08<\/div> <\/div> <\/div> <span class=\"ti-stars\"><span class=\"ti-star f\"><\/span><span class=\"ti-star f\"><\/span><span class=\"ti-star f\"><\/span><span class=\"ti-star f\"><\/span><span class=\"ti-star f\"><\/span><\/span> <div class=\"ti-review-text-container ti-review-content\"><!-- R-CONTENT -->Super firma .Mam wymarzone ogrodzenie,kt\u00f3re  wygl\u0105da I dzia\u0142a  bez zarzutu.Wlasciciel s\u0142owny, kompetentny i bardzo mi\u0142y. Polecam serdecznie us\u0142ugi tej firmy .Gra\u017cyna  Stawowczyk  z i\u0142owej<!-- R-CONTENT --><\/div> <span class=\"ti-read-more\" data-container=\".ti-review-content\" data-collapse-text=\"Ukryj\" data-open-text=\"Czytaj wi\u0119cej\"><\/span> <\/div> <\/div>  <div data-empty=\"0\" class=\"ti-review-item source-Google\" > <div class=\"ti-inner\"> <div class=\"ti-review-header\"> <div class=\"ti-profile-img\"> <img decoding=\"async\" src=\"https:\/\/lh3.googleusercontent.com\/a-\/ALV-UjWeco8yTzsco1fkU9jCJlKo7vyoFUsK_-LgI0h38B3YkhGDhwnK=s120-c-rp-mo-br100\" alt=\"Katarzyna D\u0105browska\" \/> <\/div> <div class=\"ti-profile-details\"> <div class=\"ti-name\"> Katarzyna D\u0105browska <\/div> <div class=\"ti-date\">2025-08-27<\/div> <\/div> <\/div> <span class=\"ti-stars\"><span class=\"ti-star f\"><\/span><span class=\"ti-star f\"><\/span><span class=\"ti-star f\"><\/span><span class=\"ti-star f\"><\/span><span class=\"ti-star f\"><\/span><\/span> <div class=\"ti-review-text-container ti-review-content\"><!-- R-CONTENT -->Balustrady wykonane perfekcyjnie, polecam gor\u0105co\u263a\ufe0f<!-- R-CONTENT --><\/div> <span class=\"ti-read-more\" data-container=\".ti-review-content\" data-collapse-text=\"Ukryj\" data-open-text=\"Czytaj wi\u0119cej\"><\/span> <\/div> <\/div>  <div data-empty=\"0\" class=\"ti-review-item source-Google\" > <div class=\"ti-inner\"> <div class=\"ti-review-header\"> <div class=\"ti-profile-img\"> <img decoding=\"async\" src=\"https:\/\/lh3.googleusercontent.com\/a\/ACg8ocJTmzYeOpoNXq_cT2pSZ8ebvXmtxhqNXZvWSBMFWwlapGBB7w=s120-c-rp-mo-br100\" alt=\"Damiano\" \/> <\/div> <div class=\"ti-profile-details\"> <div class=\"ti-name\"> Damiano <\/div> <div class=\"ti-date\">2025-07-10<\/div> <\/div> <\/div> <span class=\"ti-stars\"><span class=\"ti-star f\"><\/span><span class=\"ti-star f\"><\/span><span class=\"ti-star f\"><\/span><span class=\"ti-star f\"><\/span><span class=\"ti-star f\"><\/span><\/span> <div class=\"ti-review-text-container ti-review-content\"><!-- R-CONTENT -->Polecam firm\u0119 jak najbardziej. Furtka idealna taka jaka mia\u0142a by\u0107 . Monta\u017c profesjonalny.<!-- R-CONTENT --><\/div> <span class=\"ti-read-more\" data-container=\".ti-review-content\" data-collapse-text=\"Ukryj\" data-open-text=\"Czytaj wi\u0119cej\"><\/span> <\/div> <\/div>  <\/div> <div class=\"ti-controls-line\"> <div class=\"dot\"><\/div> <\/div> <\/div>  <\/div> <\/div><\/div>\n\t\t\t\t<\/div>\n\t\t\t\t<\/div>\n\t\t\t\t\t<\/div>\n\t\t\t\t<\/div>\n\t\t\t\t\t\t\t<\/div>","protected":false},"excerpt":{"rendered":"<p>CO MO\u017bEMY ZAOFEROWA\u0106? MEBLE BRAMY I OGRODZENIA KONSTRUKCJE STALOWE BALUSTRADY ZOBACZ NASZE REALIZACJE REALIZACJE DLACZEGO MY? Cechujemy si\u0119 precyzj\u0105 i dba\u0142o\u015bci\u0105 o ka\u017cdy najmniejszy szczeg\u00f3\u0142. Nasze produkty s\u0105 tworzone z pasji, bo kochamy to co robimy dla innych. O FIRMIE Firma MK-SPAW oferuje pe\u0142ny zakres us\u0142ug zwi\u0105zanych z produkcj\u0105 konstrukcji stalowych. Zapewniamy wsparcie na ka\u017cdym&hellip; <a class=\"more-link\" href=\"https:\/\/mk-spaw.pl\/de\/\"><span class=\"screen-reader-text\">Home<\/span> weiterlesen<\/a><\/p>","protected":false},"author":1,"featured_media":0,"parent":0,"menu_order":0,"comment_status":"closed","ping_status":"closed","template":"elementor_header_footer","meta":{"footnotes":""},"class_list":["post-12","page","type-page","status-publish","hentry","entry"],"_links":{"self":[{"href":"https:\/\/mk-spaw.pl\/de\/wp-json\/wp\/v2\/pages\/12","targetHints":{"allow":["GET"]}}],"collection":[{"href":"https:\/\/mk-spaw.pl\/de\/wp-json\/wp\/v2\/pages"}],"about":[{"href":"https:\/\/mk-spaw.pl\/de\/wp-json\/wp\/v2\/types\/page"}],"author":[{"embeddable":true,"href":"https:\/\/mk-spaw.pl\/de\/wp-json\/wp\/v2\/users\/1"}],"replies":[{"embeddable":true,"href":"https:\/\/mk-spaw.pl\/de\/wp-json\/wp\/v2\/comments?post=12"}],"version-history":[{"count":102,"href":"https:\/\/mk-spaw.pl\/de\/wp-json\/wp\/v2\/pages\/12\/revisions"}],"predecessor-version":[{"id":337,"href":"https:\/\/mk-spaw.pl\/de\/wp-json\/wp\/v2\/pages\/12\/revisions\/337"}],"wp:attachment":[{"href":"https:\/\/mk-spaw.pl\/de\/wp-json\/wp\/v2\/media?parent=12"}],"curies":[{"name":"wp","href":"https:\/\/api.w.org\/{rel}","templated":true}]}}