{"id":261,"date":"2023-10-03T03:10:40","date_gmt":"2023-10-03T01:10:40","guid":{"rendered":"https:\/\/mk-spaw.pl\/?page_id=261"},"modified":"2023-10-03T03:23:54","modified_gmt":"2023-10-03T01:23:54","slug":"onas","status":"publish","type":"page","link":"https:\/\/mk-spaw.pl\/de\/onas\/","title":{"rendered":"\u00dcber uns"},"content":{"rendered":"<div data-elementor-type=\"wp-page\" data-elementor-id=\"261\" class=\"elementor elementor-261\" data-elementor-post-type=\"page\">\n\t\t\t\t\t\t\t<div class=\"elementor-element elementor-element-68710d6 e-con-full e-flex e-con e-parent\" data-id=\"68710d6\" data-element_type=\"container\" data-settings=\"{&quot;content_width&quot;:&quot;full&quot;,&quot;background_background&quot;:&quot;classic&quot;}\" data-core-v316-plus=\"true\">\n\t\t\t\t<div class=\"elementor-element elementor-element-dbdcfbe elementor-widget elementor-widget-heading\" data-id=\"dbdcfbe\" data-element_type=\"widget\" data-widget_type=\"heading.default\">\n\t\t\t\t<div class=\"elementor-widget-container\">\n\t\t\t<style>\/*! elementor - v3.16.0 - 20-09-2023 *\/\n.elementor-heading-title{padding:0;margin:0;line-height:1}.elementor-widget-heading .elementor-heading-title[class*=elementor-size-]>a{color:inherit;font-size:inherit;line-height:inherit}.elementor-widget-heading .elementor-heading-title.elementor-size-small{font-size:15px}.elementor-widget-heading .elementor-heading-title.elementor-size-medium{font-size:19px}.elementor-widget-heading .elementor-heading-title.elementor-size-large{font-size:29px}.elementor-widget-heading .elementor-heading-title.elementor-size-xl{font-size:39px}.elementor-widget-heading .elementor-heading-title.elementor-size-xxl{font-size:59px}<\/style><h2 class=\"elementor-heading-title elementor-size-default\">KILKA S\u0141\u00d3W O NAS<\/h2>\t\t<\/div>\n\t\t\t\t<\/div>\n\t\t\t\t<div class=\"elementor-element elementor-element-ce5276f elementor-align-center elementor-widget elementor-widget-button\" data-id=\"ce5276f\" data-element_type=\"widget\" data-widget_type=\"button.default\">\n\t\t\t\t<div class=\"elementor-widget-container\">\n\t\t\t\t\t<div class=\"elementor-button-wrapper\">\n\t\t\t<a class=\"elementor-button elementor-size-sm\" role=\"button\">\n\t\t\t\t\t\t<span class=\"elementor-button-content-wrapper\">\n\t\t\t\t\t\t<span class=\"elementor-button-text\">O NAS<\/span>\n\t\t<\/span>\n\t\t\t\t\t<\/a>\n\t\t<\/div>\n\t\t\t\t<\/div>\n\t\t\t\t<\/div>\n\t\t\t\t<\/div>\n\t\t<div class=\"elementor-element elementor-element-88f683f e-flex e-con-boxed e-con e-parent\" data-id=\"88f683f\" data-element_type=\"container\" data-settings=\"{&quot;content_width&quot;:&quot;boxed&quot;}\" data-core-v316-plus=\"true\">\n\t\t\t\t\t<div class=\"e-con-inner\">\n\t\t\t\t<div class=\"elementor-element elementor-element-538f030 elementor-widget elementor-widget-text-editor\" data-id=\"538f030\" data-element_type=\"widget\" data-widget_type=\"text-editor.default\">\n\t\t\t\t<div class=\"elementor-widget-container\">\n\t\t\t<style>\/*! elementor - v3.16.0 - 20-09-2023 *\/\n.elementor-widget-text-editor.elementor-drop-cap-view-stacked .elementor-drop-cap{background-color:#69727d;color:#fff}.elementor-widget-text-editor.elementor-drop-cap-view-framed .elementor-drop-cap{color:#69727d;border:3px solid;background-color:transparent}.elementor-widget-text-editor:not(.elementor-drop-cap-view-default) .elementor-drop-cap{margin-top:8px}.elementor-widget-text-editor:not(.elementor-drop-cap-view-default) .elementor-drop-cap-letter{width:1em;height:1em}.elementor-widget-text-editor .elementor-drop-cap{float:left;text-align:center;line-height:1;font-size:50px}.elementor-widget-text-editor .elementor-drop-cap-letter{display:inline-block}<\/style>\t\t\t\t<p>Die Firma MK-SPAW bietet eine vollst\u00e4ndige Palette von Dienstleistungen im Zusammenhang mit der Herstellung von Metallkonstruktionen.<\/p><p>Wir unterst\u00fctzen Sie in jeder Projektphase-von der Konzeption oder Auswahl von vorgefertigten Designs zur Verf\u00fcgung auf dem Markt, vor der Auswahl eines geeigneten Typs Stahl und dessen Verarbeitung, bis hin zum Schutz vor Korrosion, Transport und Montage. Unser Angebot ist eine umfassende und angepasst an die individuellen Bed\u00fcrfnisse des Kunden.<\/p>\t\t\t\t\t\t<\/div>\n\t\t\t\t<\/div>\n\t\t\t\t\t<\/div>\n\t\t\t\t<\/div>\n\t\t<div class=\"elementor-element elementor-element-ea0eb4b e-flex e-con-boxed e-con e-parent\" data-id=\"ea0eb4b\" data-element_type=\"container\" data-settings=\"{&quot;content_width&quot;:&quot;boxed&quot;}\" data-core-v316-plus=\"true\">\n\t\t\t\t\t<div class=\"e-con-inner\">\n\t\t\t\t<div class=\"elementor-element elementor-element-b7f5ebd elementor-widget elementor-widget-image\" data-id=\"b7f5ebd\" data-element_type=\"widget\" data-widget_type=\"image.default\">\n\t\t\t\t<div class=\"elementor-widget-container\">\n\t\t\t<style>\/*! elementor - v3.16.0 - 20-09-2023 *\/\n.elementor-widget-image{text-align:center}.elementor-widget-image a{display:inline-block}.elementor-widget-image a img[src$=\".svg\"]{width:48px}.elementor-widget-image img{vertical-align:middle;display:inline-block}<\/style>\t\t\t\t\t\t\t\t\t\t\t\t<img loading=\"lazy\" decoding=\"async\" width=\"750\" height=\"563\" src=\"https:\/\/mk-spaw.pl\/wp-content\/uploads\/2023\/10\/IMG-20230420-WA0010-1024x768.jpg\" class=\"attachment-large size-large wp-image-161\" alt=\"\" srcset=\"https:\/\/mk-spaw.pl\/wp-content\/uploads\/2023\/10\/IMG-20230420-WA0010-1024x768.jpg 1024w, https:\/\/mk-spaw.pl\/wp-content\/uploads\/2023\/10\/IMG-20230420-WA0010-300x225.jpg 300w, https:\/\/mk-spaw.pl\/wp-content\/uploads\/2023\/10\/IMG-20230420-WA0010-768x576.jpg 768w, https:\/\/mk-spaw.pl\/wp-content\/uploads\/2023\/10\/IMG-20230420-WA0010-1536x1152.jpg 1536w, https:\/\/mk-spaw.pl\/wp-content\/uploads\/2023\/10\/IMG-20230420-WA0010-1568x1176.jpg 1568w, https:\/\/mk-spaw.pl\/wp-content\/uploads\/2023\/10\/IMG-20230420-WA0010.jpg 1600w\" sizes=\"auto, (max-width: 750px) 100vw, 750px\" style=\"width:100%;height:75%;max-width:1600px\" \/>\t\t\t\t\t\t\t\t\t\t\t\t\t\t\t<\/div>\n\t\t\t\t<\/div>\n\t\t\t\t<div class=\"elementor-element elementor-element-98e9796 elementor-widget elementor-widget-text-editor\" data-id=\"98e9796\" data-element_type=\"widget\" data-widget_type=\"text-editor.default\">\n\t\t\t\t<div class=\"elementor-widget-container\">\n\t\t\t\t\t\t\t<p>Zapraszamy do kontaktu w celu om\u00f3wienia mo\u017cliwo\u015bci. Zach\u0119camy firmy oraz klient\u00f3w indywidualnych do skorzystania z naszych us\u0142ug.<\/p>\t\t\t\t\t\t<\/div>\n\t\t\t\t<\/div>\n\t\t\t\t\t<\/div>\n\t\t\t\t<\/div>\n\t\t\t\t\t\t\t<\/div>","protected":false},"excerpt":{"rendered":"<p>KILKA S\u0141\u00d3W O NAS O NAS Firma MK-SPAW oferuje pe\u0142ny zakres us\u0142ug zwi\u0105zanych z produkcj\u0105 konstrukcji stalowych. Zapewniamy wsparcie na ka\u017cdym etapie projektu \u2013 pocz\u0105wszy od projektu lub wyboru gotowych projekt\u00f3w dost\u0119pnych na rynku, poprzez dob\u00f3r odpowiedniego rodzaju stali i jej obr\u00f3bki, a\u017a po zabezpieczenia antykorozyjne, transport oraz monta\u017c. Nasza oferta jest kompleksowa i dostosowana&hellip; <a class=\"more-link\" href=\"https:\/\/mk-spaw.pl\/de\/onas\/\"><span class=\"screen-reader-text\">\u00dcber uns<\/span> weiterlesen<\/a><\/p>","protected":false},"author":1,"featured_media":0,"parent":0,"menu_order":0,"comment_status":"closed","ping_status":"closed","template":"elementor_header_footer","meta":{"footnotes":""},"class_list":["post-261","page","type-page","status-publish","hentry","entry"],"_links":{"self":[{"href":"https:\/\/mk-spaw.pl\/de\/wp-json\/wp\/v2\/pages\/261","targetHints":{"allow":["GET"]}}],"collection":[{"href":"https:\/\/mk-spaw.pl\/de\/wp-json\/wp\/v2\/pages"}],"about":[{"href":"https:\/\/mk-spaw.pl\/de\/wp-json\/wp\/v2\/types\/page"}],"author":[{"embeddable":true,"href":"https:\/\/mk-spaw.pl\/de\/wp-json\/wp\/v2\/users\/1"}],"replies":[{"embeddable":true,"href":"https:\/\/mk-spaw.pl\/de\/wp-json\/wp\/v2\/comments?post=261"}],"version-history":[{"count":14,"href":"https:\/\/mk-spaw.pl\/de\/wp-json\/wp\/v2\/pages\/261\/revisions"}],"predecessor-version":[{"id":291,"href":"https:\/\/mk-spaw.pl\/de\/wp-json\/wp\/v2\/pages\/261\/revisions\/291"}],"wp:attachment":[{"href":"https:\/\/mk-spaw.pl\/de\/wp-json\/wp\/v2\/media?parent=261"}],"curies":[{"name":"wp","href":"https:\/\/api.w.org\/{rel}","templated":true}]}}